{"id":7622,"date":"2025-10-13T18:05:33","date_gmt":"2025-10-13T16:05:33","guid":{"rendered":"https:\/\/sbdresshop.com\/?post_type=product&#038;p=7622"},"modified":"2026-01-27T13:54:57","modified_gmt":"2026-01-27T12:54:57","slug":"nuit-marine","status":"publish","type":"product","link":"https:\/\/sbdresshop.com\/tr\/product\/nuit-marine\/","title":{"rendered":"Nuit Marine"},"content":{"rendered":"<p>Un ensemble chic et raffin\u00e8 dans une teinte bleu marine profonde. L\u00e0 coupe \u00e9l\u00e9gante du blazer et la fluidit\u00e9 du pantalon apportent une allure puissante et f\u00e9minine a la fois. Parfait pour les occassions ou l`\u00e9l\u00e9gance se mere a la confiance.<\/p>","protected":false},"excerpt":{"rendered":"<p>Un ensemble chic et raffin\u00e8 dans une teinte bleu marine profonde. L\u00e0 coupe \u00e9l\u00e9gante du blazer et la fluidit\u00e9 du pantalon apportent une allure puissante et f\u00e9minine a la fois. Parfait pour les occassions ou l`\u00e9l\u00e9gance se mere a la confiance.<\/p>","protected":false},"featured_media":7618,"comment_status":"open","ping_status":"closed","template":"","meta":[],"product_cat":[15],"product_tag":[],"class_list":{"0":"post-7622","1":"product","2":"type-product","3":"status-publish","4":"has-post-thumbnail","6":"product_cat-uncategorized","8":"first","9":"outofstock","10":"shipping-taxable","11":"purchasable","12":"product-type-variable"},"_links":{"self":[{"href":"https:\/\/sbdresshop.com\/tr\/wp-json\/wp\/v2\/product\/7622","targetHints":{"allow":["GET"]}}],"collection":[{"href":"https:\/\/sbdresshop.com\/tr\/wp-json\/wp\/v2\/product"}],"about":[{"href":"https:\/\/sbdresshop.com\/tr\/wp-json\/wp\/v2\/types\/product"}],"replies":[{"embeddable":true,"href":"https:\/\/sbdresshop.com\/tr\/wp-json\/wp\/v2\/comments?post=7622"}],"wp:featuredmedia":[{"embeddable":true,"href":"https:\/\/sbdresshop.com\/tr\/wp-json\/wp\/v2\/media\/7618"}],"wp:attachment":[{"href":"https:\/\/sbdresshop.com\/tr\/wp-json\/wp\/v2\/media?parent=7622"}],"wp:term":[{"taxonomy":"product_cat","embeddable":true,"href":"https:\/\/sbdresshop.com\/tr\/wp-json\/wp\/v2\/product_cat?post=7622"},{"taxonomy":"product_tag","embeddable":true,"href":"https:\/\/sbdresshop.com\/tr\/wp-json\/wp\/v2\/product_tag?post=7622"}],"curies":[{"name":"wp","href":"https:\/\/api.w.org\/{rel}","templated":true}]}}