{"id":7892,"date":"2026-02-07T10:51:52","date_gmt":"2026-02-07T09:51:52","guid":{"rendered":"https:\/\/sbdresshop.com\/?post_type=product&#038;p=7892"},"modified":"2026-02-11T13:48:11","modified_gmt":"2026-02-11T12:48:11","slug":"urban-muse","status":"publish","type":"product","link":"https:\/\/sbdresshop.com\/tr\/product\/urban-muse\/","title":{"rendered":"URBAN MUSE"},"content":{"rendered":"<p>Un ensemble minimaliste et \u00e9l\u00e9gant \u00e0 l&#8217;allure puissante. La coupe structur\u00e9e et le pantalon large cr\u00e9ent une silhouette moderne et affirm\u00e9e. Parfait du bureau \u00e0 une occasion sp\u00e9ciale, avec les bons accessoires.<\/p>","protected":false},"excerpt":{"rendered":"<p>Un ensemble minimaliste et \u00e9l\u00e9gant \u00e0 l&#8217;allure puissante. La coupe structur\u00e9e et le pantalon large cr\u00e9ent une silhouette moderne et affirm\u00e9e. Parfait du bureau \u00e0 une occasion sp\u00e9ciale, avec les bons accessoires.<\/p>","protected":false},"featured_media":7873,"comment_status":"open","ping_status":"closed","template":"","meta":[],"product_cat":[136],"product_tag":[],"class_list":{"0":"post-7892","1":"product","2":"type-product","3":"status-publish","4":"has-post-thumbnail","6":"product_cat-blazers-tailleurs","8":"first","9":"instock","10":"shipping-taxable","11":"purchasable","12":"product-type-variable"},"_links":{"self":[{"href":"https:\/\/sbdresshop.com\/tr\/wp-json\/wp\/v2\/product\/7892","targetHints":{"allow":["GET"]}}],"collection":[{"href":"https:\/\/sbdresshop.com\/tr\/wp-json\/wp\/v2\/product"}],"about":[{"href":"https:\/\/sbdresshop.com\/tr\/wp-json\/wp\/v2\/types\/product"}],"replies":[{"embeddable":true,"href":"https:\/\/sbdresshop.com\/tr\/wp-json\/wp\/v2\/comments?post=7892"}],"wp:featuredmedia":[{"embeddable":true,"href":"https:\/\/sbdresshop.com\/tr\/wp-json\/wp\/v2\/media\/7873"}],"wp:attachment":[{"href":"https:\/\/sbdresshop.com\/tr\/wp-json\/wp\/v2\/media?parent=7892"}],"wp:term":[{"taxonomy":"product_cat","embeddable":true,"href":"https:\/\/sbdresshop.com\/tr\/wp-json\/wp\/v2\/product_cat?post=7892"},{"taxonomy":"product_tag","embeddable":true,"href":"https:\/\/sbdresshop.com\/tr\/wp-json\/wp\/v2\/product_tag?post=7892"}],"curies":[{"name":"wp","href":"https:\/\/api.w.org\/{rel}","templated":true}]}}